{"id":771,"date":"2019-11-14T12:53:25","date_gmt":"2019-11-14T11:53:25","guid":{"rendered":"https:\/\/www.cgaeuropa.com\/privacy-policy\/"},"modified":"2023-06-13T17:30:26","modified_gmt":"2023-06-13T15:30:26","slug":"politique-de-confidentialite","status":"publish","type":"page","link":"https:\/\/www.cgaeuropa.com\/fr\/politique-de-confidentialite\/","title":{"rendered":"Politique de confidentialit\u00e9"},"content":{"rendered":"\n<div style=\"height:100px\" aria-hidden=\"true\" class=\"wp-block-spacer\"><\/div>\n\n\n<style>.wp-block-kadence-advancedheading.kt-adv-heading_e5fbc7-21, .wp-block-kadence-advancedheading.kt-adv-heading_e5fbc7-21[data-kb-block=\"kb-adv-heading_e5fbc7-21\"]{text-align:center;font-style:normal;color:#295eaf;}.wp-block-kadence-advancedheading.kt-adv-heading_e5fbc7-21 mark.kt-highlight, .wp-block-kadence-advancedheading.kt-adv-heading_e5fbc7-21[data-kb-block=\"kb-adv-heading_e5fbc7-21\"] mark.kt-highlight{font-style:normal;color:#f76a0c;-webkit-box-decoration-break:clone;box-decoration-break:clone;padding-top:0px;padding-right:0px;padding-bottom:0px;padding-left:0px;}.wp-block-kadence-advancedheading.kt-adv-heading_e5fbc7-21 img.kb-inline-image, .wp-block-kadence-advancedheading.kt-adv-heading_e5fbc7-21[data-kb-block=\"kb-adv-heading_e5fbc7-21\"] img.kb-inline-image{width:150px;vertical-align:baseline;}<\/style>\n<h1 class=\"kt-adv-heading_e5fbc7-21 wp-block-kadence-advancedheading\" data-kb-block=\"kb-adv-heading_e5fbc7-21\">Politique de confidentialit\u00e9<\/h1>\n\n\n<style>.kb-row-layout-id_c025aa-ae > .kt-row-column-wrap{align-content:start;}:where(.kb-row-layout-id_c025aa-ae > .kt-row-column-wrap) > .wp-block-kadence-column{justify-content:start;}.kb-row-layout-id_c025aa-ae > .kt-row-column-wrap{column-gap:var(--global-kb-gap-md, 2rem);row-gap:var(--global-kb-gap-md, 2rem);padding-top:var(--global-kb-spacing-sm, 1.5rem);padding-bottom:var(--global-kb-spacing-sm, 1.5rem);grid-template-columns:minmax(0, 1fr);}.kb-row-layout-id_c025aa-ae > .kt-row-layout-overlay{opacity:0.30;}@media all and (max-width: 1024px){.kb-row-layout-id_c025aa-ae > .kt-row-column-wrap{grid-template-columns:minmax(0, 1fr);}}@media all and (max-width: 767px){.kb-row-layout-id_c025aa-ae > .kt-row-column-wrap{grid-template-columns:minmax(0, 1fr);}}<\/style><div class=\"kb-row-layout-wrap kb-row-layout-id_c025aa-ae alignnone wp-block-kadence-rowlayout\"><div class=\"kt-row-column-wrap kt-has-1-columns kt-row-layout-equal kt-tab-layout-inherit kt-mobile-layout-row kt-row-valign-top\">\n<style>.kadence-column_a72def-02 > .kt-inside-inner-col,.kadence-column_a72def-02 > .kt-inside-inner-col:before{border-top-left-radius:0px;border-top-right-radius:0px;border-bottom-right-radius:0px;border-bottom-left-radius:0px;}.kadence-column_a72def-02 > .kt-inside-inner-col{column-gap:var(--global-kb-gap-sm, 1rem);}.kadence-column_a72def-02 > .kt-inside-inner-col{flex-direction:column;}.kadence-column_a72def-02 > .kt-inside-inner-col > .aligncenter{width:100%;}.kadence-column_a72def-02 > .kt-inside-inner-col:before{opacity:0.3;}.kadence-column_a72def-02{position:relative;}@media all and (max-width: 1024px){.kadence-column_a72def-02 > .kt-inside-inner-col{flex-direction:column;justify-content:center;}}@media all and (max-width: 767px){.kadence-column_a72def-02 > .kt-inside-inner-col{flex-direction:column;justify-content:center;}}<\/style>\n<div class=\"wp-block-kadence-column kadence-column_a72def-02\"><div class=\"kt-inside-inner-col\">\n<div style=\"height:50px\" aria-hidden=\"true\" class=\"wp-block-spacer\"><\/div>\n\n\n\n<h2 class=\"wp-block-heading\">I.\u00a0Information de l&rsquo;utilisateur<\/h2>\n\n\n\n<p>Consilium Group Advisors Europa, SL, en tant que responsable du traitement des donn\u00e9es qu&rsquo;elle collecte, vous informe que, conform\u00e9ment aux dispositions du r\u00e8glement (UE) 2016\/679, du 27 avril (RGPD) et de la LO 3\/2018, du 5 d\u00e9cembre, de protection des donn\u00e9es et de garantie des droits num\u00e9riques (LOPDGDD), nous traiterons vos donn\u00e9es comme indiqu\u00e9 dans la pr\u00e9sente politique de confidentialit\u00e9.<\/p>\n\n\n\n<p>Dans cette politique de confidentialit\u00e9, nous d\u00e9crivons comment nous collectons vos donn\u00e9es personnelles et pourquoi nous les collectons, ce que nous en faisons, avec qui nous les partageons, comment nous les prot\u00e9geons et vos choix concernant le traitement de vos donn\u00e9es personnelles. Cette politique s&rsquo;applique au traitement de vos donn\u00e9es personnelles collect\u00e9es par la soci\u00e9t\u00e9 pour la fourniture de ses services ou dans ses relations avec des tiers, y compris avec ses associ\u00e9s. En acceptant notre politique, vous acceptez notre traitement de vos donn\u00e9es personnelles tel que d\u00e9fini dans cette politique.<\/p>\n\n\n\n<div style=\"height:25px\" aria-hidden=\"true\" class=\"wp-block-spacer\"><\/div>\n\n\n\n<h2 class=\"wp-block-heading\">II.\u00a0Contact<\/h2>\n\n\n\n<p>Raison sociale : CONSILIUM GROUP ADVISORS EUROPA, SL<\/p>\n\n\n\n<p>Nom commercial : CGA Europe<\/p>\n\n\n\n<p>CIF : B02964096<\/p>\n\n\n\n<p>Adresse : calle de Girona, 21-5 (Barcelona). T\u00e9l\u00e9phone : +34 931 402 009<\/p>\n\n\n\n<div style=\"height:25px\" aria-hidden=\"true\" class=\"wp-block-spacer\"><\/div>\n\n\n\n<p><\/p>\n\n\n\n<h2 class=\"wp-block-heading\">III. Principes cl\u00e9s<\/h2>\n\n\n\n<p>Nous nous sommes toujours engag\u00e9s \u00e0 fournir nos services avec le plus haut degr\u00e9 de qualit\u00e9, ce qui inclut le traitement de vos donn\u00e9es avec s\u00e9curit\u00e9 et transparence. Nos principes sont :<\/p>\n\n\n\n<ul class=\"wp-block-list\">\n<li><em>L\u00e9galit\u00e9 <\/em>: Nous ne collecterons vos donn\u00e9es personnelles qu&rsquo;\u00e0 des fins pr\u00e9cises, explicites et l\u00e9gitimes.<\/li>\n\n\n\n<li><em>Minimisation des donn\u00e9es <\/em>: Nous limitons la collecte des donn\u00e9es personnelles \u00e0 ce qui est strictement pertinent et n\u00e9cessaire au regard des finalit\u00e9s pour lesquelles elles ont \u00e9t\u00e9 collect\u00e9es.<\/li>\n\n\n\n<li><em>Limitation de la finalit\u00e9 : <\/em>Nous ne collecterons vos donn\u00e9es personnelles qu&rsquo;aux fins indiqu\u00e9es et uniquement conform\u00e9ment \u00e0 vos souhaits.<\/li>\n\n\n\n<li><em>Exactitude <\/em>: Nous garderons vos donn\u00e9es personnelles exactes et \u00e0 jour.<\/li>\n\n\n\n<li><em>S\u00e9curit\u00e9 des donn\u00e9es <\/em>: Nous appliquons des mesures techniques et organisationnelles appropri\u00e9es proportionnelles aux risques pour garantir que vos donn\u00e9es ne soient pas endommag\u00e9es, telles que la divulgation ou l&rsquo;acc\u00e8s non autoris\u00e9, la destruction accidentelle ou illicite ou la perte ou l&rsquo;alt\u00e9ration accidentelle et toute autre forme de traitement illicite.<\/li>\n\n\n\n<li><em>Acc\u00e8s et rectification <\/em>: Nous mettons \u00e0 votre disposition les moyens d&rsquo;acc\u00e9der ou de rectifier vos donn\u00e9es lorsque vous le jugez opportun.<\/li>\n\n\n\n<li><em>Conservation <\/em>: Nous conservons vos donn\u00e9es personnelles de mani\u00e8re licite et appropri\u00e9e et uniquement pendant la dur\u00e9e n\u00e9cessaire aux finalit\u00e9s pour lesquelles elles ont \u00e9t\u00e9 collect\u00e9es.<\/li>\n\n\n\n<li><em>Transferts internationaux : <\/em>lorsqu&rsquo;il est pr\u00e9vu que vos donn\u00e9es soient transf\u00e9r\u00e9es en dehors de l&rsquo;UE\/EEE, elles seront prot\u00e9g\u00e9es de mani\u00e8re ad\u00e9quate.<\/li>\n\n\n\n<li><em>Tiers <\/em>: L&rsquo;acc\u00e8s et le transfert de donn\u00e9es personnelles \u00e0 des tiers s&rsquo;effectuent dans le respect des lois et r\u00e8glements applicables et avec les garanties contractuelles appropri\u00e9es.<\/li>\n\n\n\n<li><em>Marketing direct et cookies <\/em>: Nous respectons la l\u00e9gislation applicable en mati\u00e8re de publicit\u00e9 et de cookies.<\/li>\n<\/ul>\n\n\n\n<div style=\"height:25px\" aria-hidden=\"true\" class=\"wp-block-spacer\"><\/div>\n\n\n\n<p><\/p>\n\n\n\n<h2 class=\"wp-block-heading\">IV.\u00a0\u00a0Collecte et traitement de vos donnees personnelles<\/h2>\n\n\n\n<p>Les types de donn\u00e9es qui peuvent \u00eatre demand\u00e9es et trait\u00e9es sont des donn\u00e9es \u00e0 caract\u00e8re identifiant afin d&rsquo;acc\u00e9der aux zones r\u00e9serv\u00e9es de notre site Web.<\/p>\n\n\n\n<p>Nous collectons \u00e9galement automatiquement des donn\u00e9es sur votre visite sur notre site Web, comme d\u00e9crit dans la politique relative aux cookies. CGA Europa utilise uniquement les cookies n\u00e9cessaires \u00e0 la navigation sur son site Internet.<\/p>\n\n\n\n<p>Chaque fois que nous demanderons vos donn\u00e9es personnelles, nous vous informerons clairement des donn\u00e9es personnelles que nous collectons et dans quel but. De mani\u00e8re g\u00e9n\u00e9rale, nous collectons et traitons vos donn\u00e9es personnelles dans le but de:<\/p>\n\n\n\n<ul class=\"wp-block-list\">\n<li>Fournir des informations, des services, des produits, des informations pertinentes et des nouvelles dans le secteur.<\/li>\n\n\n\n<li>Envoi de communications.<\/li>\n\n\n\n<li>Fournir \u00e0 nos associ\u00e9s les informations concernant les affaires sociales qui leur correspondent.<\/li>\n<\/ul>\n\n\n\n<p><\/p>\n\n\n\n<div style=\"height:25px\" aria-hidden=\"true\" class=\"wp-block-spacer\"><\/div>\n\n\n\n<h2 class=\"wp-block-heading\">V. L\u00e9gitimit\u00e9<\/h2>\n\n\n\n<p>Conform\u00e9ment \u00e0 la r\u00e9glementation applicable en mati\u00e8re de protection des donn\u00e9es, vos donn\u00e9es personnelles peuvent \u00eatre trait\u00e9es \u00e0 condition que :<\/p>\n\n\n\n<ul class=\"wp-block-list\">\n<li>Vous nous ayez donn\u00e9 votre consentement aux fins de traitement. Bien entendu, vous pouvez retirer votre consentement \u00e0 tout moment.<\/li>\n\n\n\n<li>Une obligation l\u00e9gale s\u2019impose.<\/li>\n\n\n\n<li>Il existe un int\u00e9r\u00eat l\u00e9gitime qui n&rsquo;est pas mis en cause par vos droits \u00e0 la vie priv\u00e9e, comme l&rsquo;envoi d&rsquo;informations commerciales soit en vous inscrivant \u00e0 notre newsletter , soit en \u00e9tant client ou partenaire.<\/li>\n\n\n\n<li>Cela soit n\u00e9cessaire pour la fourniture de l&rsquo;un de nos services par le biais d&rsquo;une relation contractuelle entre vous et nous.<\/li>\n\n\n\n<li>Cela soit n\u00e9cessaire \u00e0 la bonne gouvernance de notre soci\u00e9t\u00e9 conform\u00e9ment aux dispositions statutaires et celles du D\u00e9cret Royal L\u00e9gislatif 1\/2010, du 2 juillet, qui approuve le texte consolid\u00e9 de la Loi sur les Soci\u00e9t\u00e9s de Capital.<\/li>\n<\/ul>\n\n\n\n<p><\/p>\n\n\n\n<div style=\"height:25px\" aria-hidden=\"true\" class=\"wp-block-spacer\"><\/div>\n\n\n\n<h2 class=\"wp-block-heading\">VI. Communication des donnees personnelles<\/h2>\n\n\n\n<p>Les donn\u00e9es peuvent \u00eatre communiqu\u00e9es \u00e0 des soci\u00e9t\u00e9s li\u00e9es \u00e0 CGA Europa pour la fourniture de divers services en tant que sous-traitants. CGA Europa n&rsquo;effectuera aucune cession, sauf obligation l\u00e9gale.<\/p>\n\n\n\n<p><\/p>\n\n\n\n<div style=\"height:25px\" aria-hidden=\"true\" class=\"wp-block-spacer\"><\/div>\n\n\n\n<h2 class=\"wp-block-heading\">VII.\u00a0Vos droits<\/h2>\n\n\n\n<p>Dans le cadre de la collecte et du traitement de vos donn\u00e9es personnelles, vous pouvez nous contacter \u00e0 tout moment pour :<\/p>\n\n\n\n<ul class=\"wp-block-list\">\n<li>Acc\u00e9dez \u00e0 vos donn\u00e9es personnelles et \u00e0 toute autre information indiqu\u00e9e \u00e0 l&rsquo;article 15.1 du RGPD.<\/li>\n\n\n\n<li>Rectifier vos donn\u00e9es personnelles inexactes ou incompl\u00e8tes conform\u00e9ment \u00e0 l&rsquo;article 16 du RGPD.<\/li>\n\n\n\n<li>Supprimer vos donn\u00e9es personnelles conform\u00e9ment \u00e0 l&rsquo;article 17 du RGPD.<\/li>\n\n\n\n<li>Limiter le traitement de vos donn\u00e9es personnelles conform\u00e9ment \u00e0 l&rsquo;article 18 du RGPD.<\/li>\n\n\n\n<li>Demander la portabilit\u00e9 de vos donn\u00e9es conform\u00e9ment \u00e0 l&rsquo;article 20 du RGPD.<\/li>\n\n\n\n<li>Vous opposer au traitement de vos donn\u00e9es personnelles conform\u00e9ment \u00e0 l&rsquo;article 21 du RGPD.<\/li>\n<\/ul>\n\n\n\n<p>Si vous avez donn\u00e9 votre consentement dans un but pr\u00e9cis, vous avez le droit de retirer le consentement accord\u00e9 \u00e0 tout moment, sans affecter la l\u00e9galit\u00e9 du traitement fond\u00e9 sur le consentement avant son retrait.<\/p>\n\n\n\n<p>Vous pouvez exercer ces droits en adressant une communication motiv\u00e9e et accr\u00e9dit\u00e9e par courrier postal \u00e0 :<\/p>\n\n\n\n<p><strong>CGA Europa<\/strong><\/br>\nCalle de Girona, 21-5<\/br>\n08010 Barcelona<\/br>\nEspagne<\/p>\n\n\n\n\n<p>Vous avez \u00e9galement le droit de d\u00e9poser une r\u00e9clamation aupr\u00e8s de l&rsquo;autorit\u00e9 de contr\u00f4le comp\u00e9tente (www.aepd.es) si vous consid\u00e9rez que le traitement n&rsquo;est pas conforme \u00e0 la r\u00e9glementation en vigueur.<\/p>\n\n\n\n<p><\/p>\n\n\n\n<div style=\"height:25px\" aria-hidden=\"true\" class=\"wp-block-spacer\"><\/div>\n\n\n\n<h2 class=\"wp-block-heading\">VIII. Information l\u00e9gale<\/h2>\n\n\n\n<p>Les exigences de cette politique compl\u00e8tent, et ne remplacent pas, toute autre exigence existante en vertu de la loi applicable sur la protection des donn\u00e9es, qui pr\u00e9vaudra dans tous les cas.<\/p>\n\n\n\n<p>Cette politique fait l&rsquo;objet d&rsquo;un examen p\u00e9riodique et peut \u00eatre modifi\u00e9e par CGA Europa \u00e0 tout moment. Lorsque cela se produit, nous vous informerons de tout changement et vous demanderons de relire la version la plus r\u00e9cente de notre politique et de confirmer votre acceptation.<\/p>\n<\/div><\/div>\n\n<\/div><\/div>\n\n\n<div style=\"height:100px\" aria-hidden=\"true\" class=\"wp-block-spacer\"><\/div>\n","protected":false},"excerpt":{"rendered":"<p>Politique de confidentialit\u00e9 I.\u00a0Information de l&rsquo;utilisateur Consilium Group Advisors Europa, SL, en tant que responsable du traitement des donn\u00e9es qu&rsquo;elle collecte, vous informe que, conform\u00e9ment aux<span class=\"excerpt-hellip\"> [\u2026]<\/span><\/p>\n","protected":false},"author":6,"featured_media":0,"parent":0,"menu_order":0,"comment_status":"closed","ping_status":"closed","template":"","meta":{"_monsterinsights_skip_tracking":false,"_monsterinsights_sitenote_active":false,"_monsterinsights_sitenote_note":"","_monsterinsights_sitenote_category":0,"footnotes":""},"class_list":["post-771","page","type-page","status-publish","hentry"],"yoast_head":"<!-- This site is optimized with the Yoast SEO plugin v27.4 - https:\/\/yoast.com\/product\/yoast-seo-wordpress\/ -->\n<title>Politique de confidentialit\u00e9 - Consililium Group Advisors Europa<\/title>\n<meta name=\"robots\" content=\"index, follow, max-snippet:-1, max-image-preview:large, max-video-preview:-1\" \/>\n<link rel=\"canonical\" href=\"https:\/\/www.cgaeuropa.com\/fr\/politique-de-confidentialite\/\" \/>\n<meta property=\"og:locale\" content=\"fr_FR\" \/>\n<meta property=\"og:type\" content=\"article\" \/>\n<meta property=\"og:title\" content=\"Politique de confidentialit\u00e9 - Consililium Group Advisors Europa\" \/>\n<meta property=\"og:description\" content=\"Politique de confidentialit\u00e9 I.\u00a0Information de l&rsquo;utilisateur Consilium Group Advisors Europa, SL, en tant que responsable du traitement des donn\u00e9es qu&rsquo;elle collecte, vous informe que, conform\u00e9ment aux [\u2026]\" \/>\n<meta property=\"og:url\" content=\"https:\/\/www.cgaeuropa.com\/fr\/politique-de-confidentialite\/\" \/>\n<meta property=\"og:site_name\" content=\"Consililium Group Advisors Europa\" \/>\n<meta property=\"article:modified_time\" content=\"2023-06-13T15:30:26+00:00\" \/>\n<meta name=\"twitter:card\" content=\"summary_large_image\" \/>\n<meta name=\"twitter:label1\" content=\"Dur\u00e9e de lecture estim\u00e9e\" \/>\n\t<meta name=\"twitter:data1\" content=\"6 minutes\" \/>\n<script type=\"application\/ld+json\" class=\"yoast-schema-graph\">{\"@context\":\"https:\\\/\\\/schema.org\",\"@graph\":[{\"@type\":\"WebPage\",\"@id\":\"https:\\\/\\\/www.cgaeuropa.com\\\/fr\\\/politique-de-confidentialite\\\/\",\"url\":\"https:\\\/\\\/www.cgaeuropa.com\\\/fr\\\/politique-de-confidentialite\\\/\",\"name\":\"Politique de confidentialit\u00e9 - Consililium Group Advisors Europa\",\"isPartOf\":{\"@id\":\"https:\\\/\\\/www.cgaeuropa.com\\\/#website\"},\"datePublished\":\"2019-11-14T11:53:25+00:00\",\"dateModified\":\"2023-06-13T15:30:26+00:00\",\"breadcrumb\":{\"@id\":\"https:\\\/\\\/www.cgaeuropa.com\\\/fr\\\/politique-de-confidentialite\\\/#breadcrumb\"},\"inLanguage\":\"fr-FR\",\"potentialAction\":[{\"@type\":\"ReadAction\",\"target\":[\"https:\\\/\\\/www.cgaeuropa.com\\\/fr\\\/politique-de-confidentialite\\\/\"]}]},{\"@type\":\"BreadcrumbList\",\"@id\":\"https:\\\/\\\/www.cgaeuropa.com\\\/fr\\\/politique-de-confidentialite\\\/#breadcrumb\",\"itemListElement\":[{\"@type\":\"ListItem\",\"position\":1,\"name\":\"Portada\",\"item\":\"https:\\\/\\\/www.cgaeuropa.com\\\/fr\\\/\"},{\"@type\":\"ListItem\",\"position\":2,\"name\":\"Politique de confidentialit\u00e9\"}]},{\"@type\":\"WebSite\",\"@id\":\"https:\\\/\\\/www.cgaeuropa.com\\\/#website\",\"url\":\"https:\\\/\\\/www.cgaeuropa.com\\\/\",\"name\":\"Consililium Group Advisors Europa\",\"description\":\"Leading experts in International Development\",\"publisher\":{\"@id\":\"https:\\\/\\\/www.cgaeuropa.com\\\/#organization\"},\"potentialAction\":[{\"@type\":\"SearchAction\",\"target\":{\"@type\":\"EntryPoint\",\"urlTemplate\":\"https:\\\/\\\/www.cgaeuropa.com\\\/?s={search_term_string}\"},\"query-input\":{\"@type\":\"PropertyValueSpecification\",\"valueRequired\":true,\"valueName\":\"search_term_string\"}}],\"inLanguage\":\"fr-FR\"},{\"@type\":\"Organization\",\"@id\":\"https:\\\/\\\/www.cgaeuropa.com\\\/#organization\",\"name\":\"Consililium Group Advisors Europa\",\"url\":\"https:\\\/\\\/www.cgaeuropa.com\\\/\",\"logo\":{\"@type\":\"ImageObject\",\"inLanguage\":\"fr-FR\",\"@id\":\"https:\\\/\\\/www.cgaeuropa.com\\\/#\\\/schema\\\/logo\\\/image\\\/\",\"url\":\"https:\\\/\\\/www.cgaeuropa.com\\\/wp-content\\\/uploads\\\/2021\\\/03\\\/download.png\",\"contentUrl\":\"https:\\\/\\\/www.cgaeuropa.com\\\/wp-content\\\/uploads\\\/2021\\\/03\\\/download.png\",\"width\":225,\"height\":225,\"caption\":\"Consililium Group Advisors Europa\"},\"image\":{\"@id\":\"https:\\\/\\\/www.cgaeuropa.com\\\/#\\\/schema\\\/logo\\\/image\\\/\"}}]}<\/script>\n<!-- \/ Yoast SEO plugin. -->","yoast_head_json":{"title":"Politique de confidentialit\u00e9 - Consililium Group Advisors Europa","robots":{"index":"index","follow":"follow","max-snippet":"max-snippet:-1","max-image-preview":"max-image-preview:large","max-video-preview":"max-video-preview:-1"},"canonical":"https:\/\/www.cgaeuropa.com\/fr\/politique-de-confidentialite\/","og_locale":"fr_FR","og_type":"article","og_title":"Politique de confidentialit\u00e9 - Consililium Group Advisors Europa","og_description":"Politique de confidentialit\u00e9 I.\u00a0Information de l&rsquo;utilisateur Consilium Group Advisors Europa, SL, en tant que responsable du traitement des donn\u00e9es qu&rsquo;elle collecte, vous informe que, conform\u00e9ment aux [\u2026]","og_url":"https:\/\/www.cgaeuropa.com\/fr\/politique-de-confidentialite\/","og_site_name":"Consililium Group Advisors Europa","article_modified_time":"2023-06-13T15:30:26+00:00","twitter_card":"summary_large_image","twitter_misc":{"Dur\u00e9e de lecture estim\u00e9e":"6 minutes"},"schema":{"@context":"https:\/\/schema.org","@graph":[{"@type":"WebPage","@id":"https:\/\/www.cgaeuropa.com\/fr\/politique-de-confidentialite\/","url":"https:\/\/www.cgaeuropa.com\/fr\/politique-de-confidentialite\/","name":"Politique de confidentialit\u00e9 - Consililium Group Advisors Europa","isPartOf":{"@id":"https:\/\/www.cgaeuropa.com\/#website"},"datePublished":"2019-11-14T11:53:25+00:00","dateModified":"2023-06-13T15:30:26+00:00","breadcrumb":{"@id":"https:\/\/www.cgaeuropa.com\/fr\/politique-de-confidentialite\/#breadcrumb"},"inLanguage":"fr-FR","potentialAction":[{"@type":"ReadAction","target":["https:\/\/www.cgaeuropa.com\/fr\/politique-de-confidentialite\/"]}]},{"@type":"BreadcrumbList","@id":"https:\/\/www.cgaeuropa.com\/fr\/politique-de-confidentialite\/#breadcrumb","itemListElement":[{"@type":"ListItem","position":1,"name":"Portada","item":"https:\/\/www.cgaeuropa.com\/fr\/"},{"@type":"ListItem","position":2,"name":"Politique de confidentialit\u00e9"}]},{"@type":"WebSite","@id":"https:\/\/www.cgaeuropa.com\/#website","url":"https:\/\/www.cgaeuropa.com\/","name":"Consililium Group Advisors Europa","description":"Leading experts in International Development","publisher":{"@id":"https:\/\/www.cgaeuropa.com\/#organization"},"potentialAction":[{"@type":"SearchAction","target":{"@type":"EntryPoint","urlTemplate":"https:\/\/www.cgaeuropa.com\/?s={search_term_string}"},"query-input":{"@type":"PropertyValueSpecification","valueRequired":true,"valueName":"search_term_string"}}],"inLanguage":"fr-FR"},{"@type":"Organization","@id":"https:\/\/www.cgaeuropa.com\/#organization","name":"Consililium Group Advisors Europa","url":"https:\/\/www.cgaeuropa.com\/","logo":{"@type":"ImageObject","inLanguage":"fr-FR","@id":"https:\/\/www.cgaeuropa.com\/#\/schema\/logo\/image\/","url":"https:\/\/www.cgaeuropa.com\/wp-content\/uploads\/2021\/03\/download.png","contentUrl":"https:\/\/www.cgaeuropa.com\/wp-content\/uploads\/2021\/03\/download.png","width":225,"height":225,"caption":"Consililium Group Advisors Europa"},"image":{"@id":"https:\/\/www.cgaeuropa.com\/#\/schema\/logo\/image\/"}}]}},"_links":{"self":[{"href":"https:\/\/www.cgaeuropa.com\/fr\/wp-json\/wp\/v2\/pages\/771","targetHints":{"allow":["GET"]}}],"collection":[{"href":"https:\/\/www.cgaeuropa.com\/fr\/wp-json\/wp\/v2\/pages"}],"about":[{"href":"https:\/\/www.cgaeuropa.com\/fr\/wp-json\/wp\/v2\/types\/page"}],"author":[{"embeddable":true,"href":"https:\/\/www.cgaeuropa.com\/fr\/wp-json\/wp\/v2\/users\/6"}],"replies":[{"embeddable":true,"href":"https:\/\/www.cgaeuropa.com\/fr\/wp-json\/wp\/v2\/comments?post=771"}],"version-history":[{"count":3,"href":"https:\/\/www.cgaeuropa.com\/fr\/wp-json\/wp\/v2\/pages\/771\/revisions"}],"predecessor-version":[{"id":863,"href":"https:\/\/www.cgaeuropa.com\/fr\/wp-json\/wp\/v2\/pages\/771\/revisions\/863"}],"wp:attachment":[{"href":"https:\/\/www.cgaeuropa.com\/fr\/wp-json\/wp\/v2\/media?parent=771"}],"curies":[{"name":"wp","href":"https:\/\/api.w.org\/{rel}","templated":true}]}}